{"id":2372,"date":"2023-02-10T13:14:25","date_gmt":"2023-02-10T13:14:25","guid":{"rendered":"https:\/\/jaa.pt\/home\/sobre\/"},"modified":"2023-03-02T17:34:55","modified_gmt":"2023-03-02T17:34:55","slug":"sobre","status":"publish","type":"page","link":"https:\/\/jaa.pt\/home\/sobre\/","title":{"rendered":"Jo\u00e3o Afonso Aguiar"},"content":{"rendered":"\n<p><\/p>\n\n\n\n<p>Uma sauda\u00e7\u00e3o de boas-vindas aos visitantes do meu s\u00edtio na internet!<\/p>\n\n\n\n<p>O meu nome \u00e9 Jo\u00e3o Afonso Aguiar sou natural e apaixonado por Sintra, local onde tive o privil\u00e9gio de crescer e de frequentar a escola p\u00fablica at\u00e9 ao acesso \u00e0 Universidade.<\/p>\n\n\n\n<p>Licenciei-me em Direito pela Universidade Aut\u00f3noma de Lisboa em 2011, ap\u00f3s ter igualmente frequentado a Faculdade de Direito da Universidade de Lisboa at\u00e9 ao 3\u00ba ano da licenciatura.<\/p>\n\n\n\n<p>Ap\u00f3s a conclus\u00e3o da licenciatura, nesse mesmo ano inscrevi-me e iniciei o est\u00e1gio na Ordem dos Advogados, onde tive um acompanhamento de excel\u00eancia pelo meu patrono e tive a oportunidade de frequentar v\u00e1rias forma\u00e7\u00f5es profissionais em v\u00e1rias \u00e1reas do Direito.<\/p>\n\n\n\n<p>Desde sempre fui uma pessoa curiosa e com vontade de aprender, o que me levou a querer progredir no estudo do Direito, nomeadamente atrav\u00e9s da realiza\u00e7\u00e3o e frequ\u00eancia de p\u00f3s-gradua\u00e7\u00f5es em Direito Pol\u00edtico, Direito Fiscal, Hist\u00f3ria do Direito, Direito do Patrim\u00f3nio Cultural, Direito Imobili\u00e1rio e, mais recentemente, Direito Intelectual.<\/p>\n\n\n\n<p>Al\u00e9m do Direito, sempre gostei de literatura, mitologia, hist\u00f3ria e filosofia, \u00e1reas onde procuro aprofundar os meus conhecimentos em cursos, forma\u00e7\u00f5es e leituras constantes.<\/p>\n\n\n\n<p>Actualmente trabalho em pr\u00e1tica individual e decidi estabelecer o meu escrit\u00f3rio em Sintra (esse lugar de beleza privilegiada) e criar a sigla \u201cJAA \u2013 Advogado\u201d para ajudar a divulgar o meu trabalho na \u00e1rea do Direito, em especial os artigos que tanto gosto de escrever.<\/p>\n\n\n\n<p>Espero que possamos reencontrar-nos em breve e at\u00e9 esse dia poder\u00e1 deixar o seu coment\u00e1rio ou pedido de esclarecimento na \u00e1rea de contactos.<\/p>\n\n\n\n<p>Bem-Haja!<\/p>\n","protected":false},"excerpt":{"rendered":"<p>Uma sauda\u00e7\u00e3o de boas-vindas aos visitantes do meu s\u00edtio na internet! O meu nome \u00e9 Jo\u00e3o Afonso Aguiar sou natural e apaixonado por Sintra, local onde tive o privil\u00e9gio de crescer e de frequentar a escola p\u00fablica at\u00e9 ao acesso \u00e0 Universidade. Licenciei-me em Direito pela Universidade Aut\u00f3noma de Lisboa em 2011, ap\u00f3s ter igualmente [&hellip;]<\/p>\n","protected":false},"author":1,"featured_media":2573,"parent":0,"menu_order":0,"comment_status":"closed","ping_status":"closed","template":"","meta":{"_regular_price":[],"currency_symbol":[],"_monsterinsights_skip_tracking":false,"_monsterinsights_sitenote_active":false,"_monsterinsights_sitenote_note":"","_monsterinsights_sitenote_category":0,"footnotes":""},"class_list":["post-2372","page","type-page","status-publish","has-post-thumbnail","hentry"],"aioseo_notices":[],"post_slider_layout_featured_media_urls":{"thumbnail":["https:\/\/jaa.pt\/home\/wp-content\/uploads\/2023\/01\/jaa1-1-150x150.png",150,150,true],"post_slider_layout_landscape_large":["https:\/\/jaa.pt\/home\/wp-content\/uploads\/2023\/01\/jaa1-1.png",968,720,false],"post_slider_layout_portrait_large":["https:\/\/jaa.pt\/home\/wp-content\/uploads\/2023\/01\/jaa1-1.png",968,720,false],"post_slider_layout_square_large":["https:\/\/jaa.pt\/home\/wp-content\/uploads\/2023\/01\/jaa1-1.png",968,720,false],"post_slider_layout_landscape":["https:\/\/jaa.pt\/home\/wp-content\/uploads\/2023\/01\/jaa1-1-600x400.png",600,400,true],"post_slider_layout_portrait":["https:\/\/jaa.pt\/home\/wp-content\/uploads\/2023\/01\/jaa1-1-600x720.png",600,720,true],"post_slider_layout_square":["https:\/\/jaa.pt\/home\/wp-content\/uploads\/2023\/01\/jaa1-1-600x600.png",600,600,true],"full":["https:\/\/jaa.pt\/home\/wp-content\/uploads\/2023\/01\/jaa1-1.png",968,720,false]},"_links":{"self":[{"href":"https:\/\/jaa.pt\/home\/wp-json\/wp\/v2\/pages\/2372","targetHints":{"allow":["GET"]}}],"collection":[{"href":"https:\/\/jaa.pt\/home\/wp-json\/wp\/v2\/pages"}],"about":[{"href":"https:\/\/jaa.pt\/home\/wp-json\/wp\/v2\/types\/page"}],"author":[{"embeddable":true,"href":"https:\/\/jaa.pt\/home\/wp-json\/wp\/v2\/users\/1"}],"replies":[{"embeddable":true,"href":"https:\/\/jaa.pt\/home\/wp-json\/wp\/v2\/comments?post=2372"}],"version-history":[{"count":8,"href":"https:\/\/jaa.pt\/home\/wp-json\/wp\/v2\/pages\/2372\/revisions"}],"predecessor-version":[{"id":2810,"href":"https:\/\/jaa.pt\/home\/wp-json\/wp\/v2\/pages\/2372\/revisions\/2810"}],"wp:featuredmedia":[{"embeddable":true,"href":"https:\/\/jaa.pt\/home\/wp-json\/wp\/v2\/media\/2573"}],"wp:attachment":[{"href":"https:\/\/jaa.pt\/home\/wp-json\/wp\/v2\/media?parent=2372"}],"curies":[{"name":"wp","href":"https:\/\/api.w.org\/{rel}","templated":true}]}}