{"id":2503,"date":"2022-12-06T18:54:16","date_gmt":"2022-12-06T18:54:16","guid":{"rendered":"https:\/\/jaa.pt\/home\/services\/"},"modified":"2023-04-14T00:09:16","modified_gmt":"2023-04-14T00:09:16","slug":"areas-de-actuacao","status":"publish","type":"page","link":"https:\/\/jaa.pt\/home\/areas-de-actuacao\/","title":{"rendered":"\u00c1reas de Actua\u00e7\u00e3o"},"content":{"rendered":"\n<p><\/p>\n\n\n\n<p><\/p>\n\n\n\n<p>A <strong>JAA \u2013 Advogados R.L.<\/strong>, actua em v\u00e1rias \u00e1reas do Direito atrav\u00e9s da conjuga\u00e7\u00e3o da experi\u00eancia e do estudo permanente, em especial nas seguintes \u00e1reas:<\/p>\n\n\n\n<p><\/p>\n\n\n\n<div class=\"wp-block-columns is-layout-flex wp-container-core-columns-is-layout-9d6595d7 wp-block-columns-is-layout-flex\">\n<div class=\"wp-block-column is-layout-flow wp-block-column-is-layout-flow\">\n<h3 class=\"wp-block-heading\"><strong>Direto P\u00fablico<\/strong>.<\/h3>\n\n\n\n<ul class=\"wp-block-list\">\n<li>Direito Administrativo;<\/li>\n\n\n\n<li>Direito Constitucional;<\/li>\n\n\n\n<li>Direito dos Contratos P\u00fablicos;<\/li>\n\n\n\n<li>Direito da Uni\u00e3o Europeia;<\/li>\n\n\n\n<li>Direito Internacional P\u00fablico;<\/li>\n\n\n\n<li>Direito da Migra\u00e7\u00e3o \/ Estrangeiros\/ Nacionalidade;<\/li>\n\n\n\n<li>Direito Fiscal;<\/li>\n\n\n\n<li>Direito do Urbanismo e do Ambiente.<\/li>\n<\/ul>\n<\/div>\n\n\n\n<div class=\"wp-block-column is-layout-flow wp-block-column-is-layout-flow\">\n<h3 class=\"wp-block-heading\"><strong>Direito Privado<\/strong>.<\/h3>\n\n\n\n<ul class=\"wp-block-list\">\n<li>Arrendamento Urbano e Rural;<\/li>\n\n\n\n<li>Direito dos Contratos;<\/li>\n\n\n\n<li>Direito do Imobili\u00e1rio;<\/li>\n\n\n\n<li>Direito Intelectual (marcas e patentes);<\/li>\n\n\n\n<li>Direito das Sociedades Comerciais;<\/li>\n\n\n\n<li>Direito do Trabalho;<\/li>\n\n\n\n<li>Responsabilidade Civil \/ Indemniza\u00e7\u00f5es.<\/li>\n<\/ul>\n<\/div>\n<\/div>\n\n\n\n<div class=\"wp-block-columns is-layout-flex wp-container-core-columns-is-layout-9d6595d7 wp-block-columns-is-layout-flex\">\n<div class=\"wp-block-column is-layout-flow wp-block-column-is-layout-flow\">\n<div class=\"wp-block-buttons is-horizontal is-content-justification-center is-layout-flex wp-container-core-buttons-is-layout-499968f5 wp-block-buttons-is-layout-flex\"><\/div>\n<\/div>\n\n\n\n<div class=\"wp-block-column is-layout-flow wp-block-column-is-layout-flow\">\n<div class=\"wp-block-buttons is-horizontal is-content-justification-center is-layout-flex wp-container-core-buttons-is-layout-499968f5 wp-block-buttons-is-layout-flex\"><\/div>\n<\/div>\n\n\n\n<div class=\"wp-block-column is-layout-flow wp-block-column-is-layout-flow\">\n<div class=\"wp-block-buttons is-horizontal is-content-justification-center is-layout-flex wp-container-core-buttons-is-layout-499968f5 wp-block-buttons-is-layout-flex\"><\/div>\n<\/div>\n<\/div>\n\n\n<div class=\"wp-block-image\">\n<figure class=\"aligncenter size-large is-resized\"><img loading=\"lazy\" decoding=\"async\" src=\"https:\/\/jaa.pt\/home\/wp-content\/uploads\/2023\/01\/jaa2-1024x632.png\" alt=\"\" class=\"wp-image-2574\" width=\"785\" height=\"484\" srcset=\"https:\/\/jaa.pt\/home\/wp-content\/uploads\/2023\/01\/jaa2-1024x632.png 1024w, https:\/\/jaa.pt\/home\/wp-content\/uploads\/2023\/01\/jaa2-300x185.png 300w, https:\/\/jaa.pt\/home\/wp-content\/uploads\/2023\/01\/jaa2-768x474.png 768w, https:\/\/jaa.pt\/home\/wp-content\/uploads\/2023\/01\/jaa2.png 1167w\" sizes=\"auto, (max-width: 785px) 100vw, 785px\" \/><\/figure>\n<\/div>","protected":false},"excerpt":{"rendered":"<p>A JAA \u2013 Advogados R.L., actua em v\u00e1rias \u00e1reas do Direito atrav\u00e9s da conjuga\u00e7\u00e3o da experi\u00eancia e do estudo permanente, em especial nas seguintes \u00e1reas: Direto P\u00fablico. Direito Privado.<\/p>\n","protected":false},"author":1,"featured_media":2605,"parent":0,"menu_order":0,"comment_status":"closed","ping_status":"closed","template":"","meta":{"_regular_price":[],"currency_symbol":[],"_monsterinsights_skip_tracking":false,"_monsterinsights_sitenote_active":false,"_monsterinsights_sitenote_note":"","_monsterinsights_sitenote_category":0,"footnotes":""},"class_list":["post-2503","page","type-page","status-publish","has-post-thumbnail","hentry"],"aioseo_notices":[],"post_slider_layout_featured_media_urls":{"thumbnail":["https:\/\/jaa.pt\/home\/wp-content\/uploads\/2023\/01\/direito-150x150.jpg",150,150,true],"post_slider_layout_landscape_large":["https:\/\/jaa.pt\/home\/wp-content\/uploads\/2023\/01\/direito.jpg",1200,600,false],"post_slider_layout_portrait_large":["https:\/\/jaa.pt\/home\/wp-content\/uploads\/2023\/01\/direito.jpg",1200,600,false],"post_slider_layout_square_large":["https:\/\/jaa.pt\/home\/wp-content\/uploads\/2023\/01\/direito.jpg",1200,600,false],"post_slider_layout_landscape":["https:\/\/jaa.pt\/home\/wp-content\/uploads\/2023\/01\/direito-600x400.jpg",600,400,true],"post_slider_layout_portrait":["https:\/\/jaa.pt\/home\/wp-content\/uploads\/2023\/01\/direito-600x600.jpg",600,600,true],"post_slider_layout_square":["https:\/\/jaa.pt\/home\/wp-content\/uploads\/2023\/01\/direito-600x600.jpg",600,600,true],"full":["https:\/\/jaa.pt\/home\/wp-content\/uploads\/2023\/01\/direito.jpg",1200,600,false]},"_links":{"self":[{"href":"https:\/\/jaa.pt\/home\/wp-json\/wp\/v2\/pages\/2503","targetHints":{"allow":["GET"]}}],"collection":[{"href":"https:\/\/jaa.pt\/home\/wp-json\/wp\/v2\/pages"}],"about":[{"href":"https:\/\/jaa.pt\/home\/wp-json\/wp\/v2\/types\/page"}],"author":[{"embeddable":true,"href":"https:\/\/jaa.pt\/home\/wp-json\/wp\/v2\/users\/1"}],"replies":[{"embeddable":true,"href":"https:\/\/jaa.pt\/home\/wp-json\/wp\/v2\/comments?post=2503"}],"version-history":[{"count":13,"href":"https:\/\/jaa.pt\/home\/wp-json\/wp\/v2\/pages\/2503\/revisions"}],"predecessor-version":[{"id":2837,"href":"https:\/\/jaa.pt\/home\/wp-json\/wp\/v2\/pages\/2503\/revisions\/2837"}],"wp:featuredmedia":[{"embeddable":true,"href":"https:\/\/jaa.pt\/home\/wp-json\/wp\/v2\/media\/2605"}],"wp:attachment":[{"href":"https:\/\/jaa.pt\/home\/wp-json\/wp\/v2\/media?parent=2503"}],"curies":[{"name":"wp","href":"https:\/\/api.w.org\/{rel}","templated":true}]}}