{"id":5,"date":"2022-12-06T18:52:51","date_gmt":"2022-12-06T18:52:51","guid":{"rendered":"https:\/\/jaa.pt\/home\/about-us\/"},"modified":"2023-02-16T12:59:49","modified_gmt":"2023-02-16T12:59:49","slug":"apresentacao","status":"publish","type":"page","link":"https:\/\/jaa.pt\/home\/apresentacao\/","title":{"rendered":"Apresenta\u00e7\u00e3o"},"content":{"rendered":"\n<p><\/p>\n\n\n\n<p><\/p>\n\n\n\n<p>JAA \u2013 Advogados R.L., \u00e9 a sigla de Jo\u00e3o Afonso Aguiar, Advogado, com escrit\u00f3rio em Sintra e com experi\u00eancia profissional internacional na presta\u00e7\u00e3o de servi\u00e7os jur\u00eddicos a pessoas e empresas.<\/p>\n\n\n\n<p>Assume como miss\u00e3o a presta\u00e7\u00e3o de servi\u00e7os jur\u00eddicos mediante o rigoroso cumprimento da deontologia profissional, com responsabilidade social e sempre com um estudo aprofundado do Direito aplic\u00e1vel a cada caso concreto.<\/p>\n\n\n\n<p>O nosso objectivo \u00e9 prestar servi\u00e7os jur\u00eddicos de refer\u00eancia e de excel\u00eancia, com a apresenta\u00e7\u00e3o de solu\u00e7\u00f5es justas, c\u00e9leres e adequadas \u00e0 vida concreta de cada uma das pessoas e das empresas que s\u00e3o nossas clientes.<\/p>\n\n\n<div class=\"wp-block-image\">\n<figure class=\"aligncenter size-full is-resized\"><img decoding=\"async\" src=\"https:\/\/jaa.pt\/home\/wp-content\/uploads\/2023\/01\/jaa1-1.png\" alt=\"\" class=\"wp-image-2573\" width=\"-233\" height=\"-173\" srcset=\"https:\/\/jaa.pt\/home\/wp-content\/uploads\/2023\/01\/jaa1-1.png 968w, https:\/\/jaa.pt\/home\/wp-content\/uploads\/2023\/01\/jaa1-1-300x223.png 300w, https:\/\/jaa.pt\/home\/wp-content\/uploads\/2023\/01\/jaa1-1-768x571.png 768w\" sizes=\"(max-width: 968px) 100vw, 968px\" \/><figcaption class=\"wp-element-caption\">Jo\u00e3o Afonso Aguiar<\/figcaption><\/figure>\n<\/div>\n\n\n<p>No nosso quotidiano trabalhamos sempre com dedica\u00e7\u00e3o, \u00e9tica e com a humildade que nos possibilita evoluir na aquisi\u00e7\u00e3o de conhecimento das v\u00e1rias \u00e1reas do Direito que afectam a vida di\u00e1ria das pessoas e das empresas.<\/p>\n\n\n\n<p>Poder\u00e1 ser um processo em tribunal, a compra e venda de um im\u00f3vel, um agendamento no SEF ou no Servi\u00e7o de Finan\u00e7as, um conflito entre s\u00f3cios numa empresa ou entre senhorio e inquilino num arrendamento, em qualquer situa\u00e7\u00e3o estamos preparados para ajudar e intervir nos multifacetados desafios jur\u00eddicos da vida.<\/p>\n\n\n\n<p>Al\u00e9m da sua experi\u00eancia como advogado, Jo\u00e3o Afonso Aguiar, tem desempenhado fun\u00e7\u00f5es de autarca em Sintra (2017-2021) e em v\u00e1rias associa\u00e7\u00f5es da sociedade civil, com destaque para associa\u00e7\u00f5es desportivas, culturais e de defesa do patrim\u00f3nio. \u00c9 igualmente autor de duas pequenas obras de poesia intituladas \u201cAb Initium\u201d (2014) e \u201cO Tempo da Poesia no Tempo dos Homens\u201d (2016).<\/p>\n\n\n\n<p><\/p>\n\n\n<style>.uid-3bd0ec624f1f36ff  .gt3pg-isotope-item {\n\tpadding-right: 20px;\n\tpadding-bottom: 20px;\n}\n.uid-3bd0ec624f1f36ff  .gallery-isotope-wrapper {\n\tmargin-right: -20px;\n\tmargin-bottom: -20px;\n}\n<\/style><div id=\"uid-3bd0ec624f1f36ff\" data-gt3pg-block=\"grid\" data-index=\"1\" class=\"gt3-photo-gallery-pro--isotope_gallery uid-3bd0ec624f1f36ff gt3pg-pro--wrapper gt3pg-pro--grid \">\t\t<div data-cols=\"4\" data-cols-tablet=\"3\" data-cols-mobile=\"2\" class=\"gt3pg-isotope-gallery columns-4 hover-default gallery-grid circle corner-standard circle\" data-settings=\"{&quot;id&quot;:1,&quot;uid&quot;:&quot;uid-3bd0ec624f1f36ff&quot;,&quot;grid_type&quot;:&quot;circle&quot;,&quot;modules&quot;:[&quot;Lightbox&quot;],&quot;lightboxArray&quot;:[{&quot;href&quot;:&quot;https:\\\/\\\/jaa.pt\\\/home\\\/wp-content\\\/uploads\\\/2023\\\/02\\\/jaa_IMG-6276-scaled-e1676038197664.jpg&quot;,&quot;title&quot;:&quot;jaa_IMG-6276&quot;,&quot;thumbnail&quot;:&quot;https:\\\/\\\/jaa.pt\\\/home\\\/wp-content\\\/uploads\\\/2023\\\/02\\\/jaa_IMG-6276-scaled-e1676038197664-150x150.jpg&quot;,&quot;description&quot;:&quot;&quot;,&quot;is_video&quot;:0,&quot;image_id&quot;:2724,&quot;width&quot;:1920,&quot;height&quot;:1849},{&quot;href&quot;:&quot;https:\\\/\\\/jaa.pt\\\/home\\\/wp-content\\\/uploads\\\/2023\\\/02\\\/jaa_20150428_101155-1-scaled.jpg&quot;,&quot;title&quot;:&quot;jaa_20150428_101155&quot;,&quot;thumbnail&quot;:&quot;https:\\\/\\\/jaa.pt\\\/home\\\/wp-content\\\/uploads\\\/2023\\\/02\\\/jaa_20150428_101155-1-150x150.jpg&quot;,&quot;description&quot;:&quot;&quot;,&quot;is_video&quot;:0,&quot;image_id&quot;:2797,&quot;width&quot;:2560,&quot;height&quot;:1440},{&quot;href&quot;:&quot;https:\\\/\\\/jaa.pt\\\/home\\\/wp-content\\\/uploads\\\/2023\\\/02\\\/jaa_20150509_101229-1-scaled.jpg&quot;,&quot;title&quot;:&quot;jaa_20150509_101229&quot;,&quot;thumbnail&quot;:&quot;https:\\\/\\\/jaa.pt\\\/home\\\/wp-content\\\/uploads\\\/2023\\\/02\\\/jaa_20150509_101229-1-150x150.jpg&quot;,&quot;description&quot;:&quot;&quot;,&quot;is_video&quot;:0,&quot;image_id&quot;:2798,&quot;width&quot;:1440,&quot;height&quot;:2560},{&quot;href&quot;:&quot;https:\\\/\\\/jaa.pt\\\/home\\\/wp-content\\\/uploads\\\/2023\\\/02\\\/jaa_20150428_100942-1-scaled.jpg&quot;,&quot;title&quot;:&quot;jaa_20150428_100942&quot;,&quot;thumbnail&quot;:&quot;https:\\\/\\\/jaa.pt\\\/home\\\/wp-content\\\/uploads\\\/2023\\\/02\\\/jaa_20150428_100942-1-150x150.jpg&quot;,&quot;description&quot;:&quot;&quot;,&quot;is_video&quot;:0,&quot;image_id&quot;:2796,&quot;width&quot;:2560,&quot;height&quot;:1440}],&quot;lightbox&quot;:{&quot;enable&quot;:true,&quot;options&quot;:{&quot;instance&quot;:1}},&quot;items&quot;:[{&quot;href&quot;:&quot;https:\\\/\\\/jaa.pt\\\/home\\\/wp-content\\\/uploads\\\/2023\\\/02\\\/jaa_IMG-6276-scaled-e1676038197664.jpg&quot;,&quot;title&quot;:&quot;jaa_IMG-6276&quot;,&quot;thumbnail&quot;:&quot;https:\\\/\\\/jaa.pt\\\/home\\\/wp-content\\\/uploads\\\/2023\\\/02\\\/jaa_IMG-6276-scaled-e1676038197664-150x150.jpg&quot;,&quot;description&quot;:&quot;&quot;,&quot;is_video&quot;:0,&quot;image_id&quot;:2724,&quot;width&quot;:1920,&quot;height&quot;:1849},{&quot;href&quot;:&quot;https:\\\/\\\/jaa.pt\\\/home\\\/wp-content\\\/uploads\\\/2023\\\/02\\\/jaa_20150428_101155-1-scaled.jpg&quot;,&quot;title&quot;:&quot;jaa_20150428_101155&quot;,&quot;thumbnail&quot;:&quot;https:\\\/\\\/jaa.pt\\\/home\\\/wp-content\\\/uploads\\\/2023\\\/02\\\/jaa_20150428_101155-1-150x150.jpg&quot;,&quot;description&quot;:&quot;&quot;,&quot;is_video&quot;:0,&quot;image_id&quot;:2797,&quot;width&quot;:2560,&quot;height&quot;:1440},{&quot;href&quot;:&quot;https:\\\/\\\/jaa.pt\\\/home\\\/wp-content\\\/uploads\\\/2023\\\/02\\\/jaa_20150509_101229-1-scaled.jpg&quot;,&quot;title&quot;:&quot;jaa_20150509_101229&quot;,&quot;thumbnail&quot;:&quot;https:\\\/\\\/jaa.pt\\\/home\\\/wp-content\\\/uploads\\\/2023\\\/02\\\/jaa_20150509_101229-1-150x150.jpg&quot;,&quot;description&quot;:&quot;&quot;,&quot;is_video&quot;:0,&quot;image_id&quot;:2798,&quot;width&quot;:1440,&quot;height&quot;:2560},{&quot;href&quot;:&quot;https:\\\/\\\/jaa.pt\\\/home\\\/wp-content\\\/uploads\\\/2023\\\/02\\\/jaa_20150428_100942-1-scaled.jpg&quot;,&quot;title&quot;:&quot;jaa_20150428_100942&quot;,&quot;thumbnail&quot;:&quot;https:\\\/\\\/jaa.pt\\\/home\\\/wp-content\\\/uploads\\\/2023\\\/02\\\/jaa_20150428_100942-1-150x150.jpg&quot;,&quot;description&quot;:&quot;&quot;,&quot;is_video&quot;:0,&quot;image_id&quot;:2796,&quot;width&quot;:2560,&quot;height&quot;:1440}]}\">\r\n\t\t\t<div class=\"gallery-isotope-wrapper\">\r\n\t\t\t\t<div class=\"gt3pg-isotope-item loading \" ><div class=\"isotope_item-wrapper\"><a href=\"https:\/\/jaa.pt\/home\/wp-content\/uploads\/2023\/02\/jaa_IMG-6276-scaled-e1676038197664-768x740.jpg\" class=\"gt3pg-lightbox\" data-elementor-open-lightbox=\"no\"><div class=\"img-wrapper \"><img loading=\"lazy\" decoding=\"async\" width=\"525\" height=\"506\" src=\"https:\/\/jaa.pt\/home\/wp-content\/uploads\/2023\/02\/jaa_IMG-6276-scaled-e1676038197664-768x740.jpg\" class=\"skip-lazy gt3-lazy-image\" alt=\"\" data-lazy-srcset=\"https:\/\/jaa.pt\/home\/wp-content\/uploads\/2023\/02\/jaa_IMG-6276-scaled-e1676038197664-768x740.jpg 768w, https:\/\/jaa.pt\/home\/wp-content\/uploads\/2023\/02\/jaa_IMG-6276-scaled-e1676038197664-300x289.jpg 300w\" data-lazy-sizes=\"(max-width: 525px) 100vw, 525px\" data-lazy-src=\"https:\/\/jaa.pt\/home\/wp-content\/uploads\/2023\/02\/jaa_IMG-6276-scaled-e1676038197664-768x740.jpg?is-pending-load=1\" srcset=\"data:image\/png;base64,iVBORw0KGgoAAAANSUhEUgAAADUAAAAyCAYAAAD845PIAAAACXBIWXMAAA7EAAAOxAGVKw4bAAAAIUlEQVRo3u3BMQEAAADCoPVPbQlPoAAAAAAAAAAAAAD4GCmaAAEkUN44AAAAAElFTkSuQmCC\" \/><\/div><\/a><\/div><\/div><div class=\"gt3pg-isotope-item loading \" ><div class=\"isotope_item-wrapper\"><a href=\"https:\/\/jaa.pt\/home\/wp-content\/uploads\/2023\/02\/jaa_20150428_101155-1-768x432.jpg\" class=\"gt3pg-lightbox\" data-elementor-open-lightbox=\"no\"><div class=\"img-wrapper \"><img loading=\"lazy\" decoding=\"async\" width=\"525\" height=\"295\" src=\"https:\/\/jaa.pt\/home\/wp-content\/uploads\/2023\/02\/jaa_20150428_101155-1-768x432.jpg\" class=\"skip-lazy gt3-lazy-image\" alt=\"\" data-lazy-srcset=\"https:\/\/jaa.pt\/home\/wp-content\/uploads\/2023\/02\/jaa_20150428_101155-1-768x432.jpg 768w, https:\/\/jaa.pt\/home\/wp-content\/uploads\/2023\/02\/jaa_20150428_101155-1-300x169.jpg 300w\" data-lazy-sizes=\"(max-width: 525px) 100vw, 525px\" data-lazy-src=\"https:\/\/jaa.pt\/home\/wp-content\/uploads\/2023\/02\/jaa_20150428_101155-1-768x432.jpg?is-pending-load=1\" srcset=\"data:image\/png;base64,iVBORw0KGgoAAAANSUhEUgAAADUAAAAdCAYAAAAKGSQrAAAACXBIWXMAAA7EAAAOxAGVKw4bAAAAHElEQVRYw+3BAQEAAACCIP+vbkhAAQAAAAAAdwYYIQABwhj8MAAAAABJRU5ErkJggg==\" \/><\/div><\/a><\/div><\/div><div class=\"gt3pg-isotope-item loading \" ><div class=\"isotope_item-wrapper\"><a href=\"https:\/\/jaa.pt\/home\/wp-content\/uploads\/2023\/02\/jaa_20150509_101229-1-768x1365.jpg\" class=\"gt3pg-lightbox\" data-elementor-open-lightbox=\"no\"><div class=\"img-wrapper \"><img loading=\"lazy\" decoding=\"async\" width=\"525\" height=\"933\" src=\"https:\/\/jaa.pt\/home\/wp-content\/uploads\/2023\/02\/jaa_20150509_101229-1-768x1365.jpg\" class=\"skip-lazy gt3-lazy-image\" alt=\"\" data-lazy-srcset=\"https:\/\/jaa.pt\/home\/wp-content\/uploads\/2023\/02\/jaa_20150509_101229-1-768x1365.jpg 768w, https:\/\/jaa.pt\/home\/wp-content\/uploads\/2023\/02\/jaa_20150509_101229-1-169x300.jpg 169w, https:\/\/jaa.pt\/home\/wp-content\/uploads\/2023\/02\/jaa_20150509_101229-1-576x1024.jpg 576w\" data-lazy-sizes=\"(max-width: 525px) 100vw, 525px\" data-lazy-src=\"https:\/\/jaa.pt\/home\/wp-content\/uploads\/2023\/02\/jaa_20150509_101229-1-768x1365.jpg?is-pending-load=1\" srcset=\"data:image\/png;base64,iVBORw0KGgoAAAANSUhEUgAAADUAAABeCAYAAACD1VzpAAAACXBIWXMAAA7EAAAOxAGVKw4bAAAAKklEQVR42u3BMQEAAADCoPVPbQ0PoAAAAAAAAAAAAAAAAAAAAAAAAAD4NU42AAFNM2p4AAAAAElFTkSuQmCC\" \/><\/div><\/a><\/div><\/div><div class=\"gt3pg-isotope-item loading \" ><div class=\"isotope_item-wrapper\"><a href=\"https:\/\/jaa.pt\/home\/wp-content\/uploads\/2023\/02\/jaa_20150428_100942-1-768x432.jpg\" class=\"gt3pg-lightbox\" data-elementor-open-lightbox=\"no\"><div class=\"img-wrapper \"><img loading=\"lazy\" decoding=\"async\" width=\"525\" height=\"295\" src=\"https:\/\/jaa.pt\/home\/wp-content\/uploads\/2023\/02\/jaa_20150428_100942-1-768x432.jpg\" class=\"skip-lazy gt3-lazy-image\" alt=\"\" data-lazy-srcset=\"https:\/\/jaa.pt\/home\/wp-content\/uploads\/2023\/02\/jaa_20150428_100942-1-768x432.jpg 768w, https:\/\/jaa.pt\/home\/wp-content\/uploads\/2023\/02\/jaa_20150428_100942-1-300x169.jpg 300w\" data-lazy-sizes=\"(max-width: 525px) 100vw, 525px\" data-lazy-src=\"https:\/\/jaa.pt\/home\/wp-content\/uploads\/2023\/02\/jaa_20150428_100942-1-768x432.jpg?is-pending-load=1\" srcset=\"data:image\/png;base64,iVBORw0KGgoAAAANSUhEUgAAADUAAAAdCAYAAAAKGSQrAAAACXBIWXMAAA7EAAAOxAGVKw4bAAAAHElEQVRYw+3BAQEAAACCIP+vbkhAAQAAAAAAdwYYIQABwhj8MAAAAABJRU5ErkJggg==\" \/><\/div><\/a><\/div><\/div>\t\t\t<\/div>\r\n\t\t<\/div>\r\n\t\t<script type=\"application\/json\" id=\"settings--uid-3bd0ec624f1f36ff\">{\"id\":1,\"uid\":\"uid-3bd0ec624f1f36ff\",\"grid_type\":\"circle\",\"modules\":[\"Lightbox\"],\"lightboxArray\":[{\"href\":\"https:\\\/\\\/jaa.pt\\\/home\\\/wp-content\\\/uploads\\\/2023\\\/02\\\/jaa_IMG-6276-scaled-e1676038197664.jpg\",\"title\":\"jaa_IMG-6276\",\"thumbnail\":\"https:\\\/\\\/jaa.pt\\\/home\\\/wp-content\\\/uploads\\\/2023\\\/02\\\/jaa_IMG-6276-scaled-e1676038197664-150x150.jpg\",\"description\":\"\",\"is_video\":0,\"image_id\":2724,\"width\":1920,\"height\":1849},{\"href\":\"https:\\\/\\\/jaa.pt\\\/home\\\/wp-content\\\/uploads\\\/2023\\\/02\\\/jaa_20150428_101155-1-scaled.jpg\",\"title\":\"jaa_20150428_101155\",\"thumbnail\":\"https:\\\/\\\/jaa.pt\\\/home\\\/wp-content\\\/uploads\\\/2023\\\/02\\\/jaa_20150428_101155-1-150x150.jpg\",\"description\":\"\",\"is_video\":0,\"image_id\":2797,\"width\":2560,\"height\":1440},{\"href\":\"https:\\\/\\\/jaa.pt\\\/home\\\/wp-content\\\/uploads\\\/2023\\\/02\\\/jaa_20150509_101229-1-scaled.jpg\",\"title\":\"jaa_20150509_101229\",\"thumbnail\":\"https:\\\/\\\/jaa.pt\\\/home\\\/wp-content\\\/uploads\\\/2023\\\/02\\\/jaa_20150509_101229-1-150x150.jpg\",\"description\":\"\",\"is_video\":0,\"image_id\":2798,\"width\":1440,\"height\":2560},{\"href\":\"https:\\\/\\\/jaa.pt\\\/home\\\/wp-content\\\/uploads\\\/2023\\\/02\\\/jaa_20150428_100942-1-scaled.jpg\",\"title\":\"jaa_20150428_100942\",\"thumbnail\":\"https:\\\/\\\/jaa.pt\\\/home\\\/wp-content\\\/uploads\\\/2023\\\/02\\\/jaa_20150428_100942-1-150x150.jpg\",\"description\":\"\",\"is_video\":0,\"image_id\":2796,\"width\":2560,\"height\":1440}],\"lightbox\":{\"enable\":true,\"options\":{\"instance\":1}},\"items\":[{\"href\":\"https:\\\/\\\/jaa.pt\\\/home\\\/wp-content\\\/uploads\\\/2023\\\/02\\\/jaa_IMG-6276-scaled-e1676038197664.jpg\",\"title\":\"jaa_IMG-6276\",\"thumbnail\":\"https:\\\/\\\/jaa.pt\\\/home\\\/wp-content\\\/uploads\\\/2023\\\/02\\\/jaa_IMG-6276-scaled-e1676038197664-150x150.jpg\",\"description\":\"\",\"is_video\":0,\"image_id\":2724,\"width\":1920,\"height\":1849},{\"href\":\"https:\\\/\\\/jaa.pt\\\/home\\\/wp-content\\\/uploads\\\/2023\\\/02\\\/jaa_20150428_101155-1-scaled.jpg\",\"title\":\"jaa_20150428_101155\",\"thumbnail\":\"https:\\\/\\\/jaa.pt\\\/home\\\/wp-content\\\/uploads\\\/2023\\\/02\\\/jaa_20150428_101155-1-150x150.jpg\",\"description\":\"\",\"is_video\":0,\"image_id\":2797,\"width\":2560,\"height\":1440},{\"href\":\"https:\\\/\\\/jaa.pt\\\/home\\\/wp-content\\\/uploads\\\/2023\\\/02\\\/jaa_20150509_101229-1-scaled.jpg\",\"title\":\"jaa_20150509_101229\",\"thumbnail\":\"https:\\\/\\\/jaa.pt\\\/home\\\/wp-content\\\/uploads\\\/2023\\\/02\\\/jaa_20150509_101229-1-150x150.jpg\",\"description\":\"\",\"is_video\":0,\"image_id\":2798,\"width\":1440,\"height\":2560},{\"href\":\"https:\\\/\\\/jaa.pt\\\/home\\\/wp-content\\\/uploads\\\/2023\\\/02\\\/jaa_20150428_100942-1-scaled.jpg\",\"title\":\"jaa_20150428_100942\",\"thumbnail\":\"https:\\\/\\\/jaa.pt\\\/home\\\/wp-content\\\/uploads\\\/2023\\\/02\\\/jaa_20150428_100942-1-150x150.jpg\",\"description\":\"\",\"is_video\":0,\"image_id\":2796,\"width\":2560,\"height\":1440}]}<\/script>\r\n\t\t<\/div>\n\n\n<p><strong>&nbsp;&nbsp;&nbsp;&nbsp;&nbsp;&nbsp;&nbsp;&nbsp;&nbsp;&nbsp;&nbsp;&nbsp;&nbsp;&nbsp;&nbsp;&nbsp;&nbsp;&nbsp;&nbsp;&nbsp;&nbsp;&nbsp;&nbsp;&nbsp;&nbsp;&nbsp;&nbsp;&nbsp;&nbsp;&nbsp;&nbsp;&nbsp;&nbsp;&nbsp;&nbsp;&nbsp;&nbsp;&nbsp;&nbsp;&nbsp;&nbsp;&nbsp;&nbsp;&nbsp;&nbsp;&nbsp;&nbsp;&nbsp;&nbsp;&nbsp;&nbsp;&nbsp;&nbsp;&nbsp;&nbsp;&nbsp;&nbsp;&nbsp;&nbsp;&nbsp;&nbsp;&nbsp;&nbsp;&nbsp;&nbsp;&nbsp;&nbsp;&nbsp;<\/strong><\/p>\n","protected":false},"excerpt":{"rendered":"<p>JAA \u2013 Advogados R.L., \u00e9 a sigla de Jo\u00e3o Afonso Aguiar, Advogado, com escrit\u00f3rio em Sintra e com experi\u00eancia profissional internacional na presta\u00e7\u00e3o de servi\u00e7os jur\u00eddicos a pessoas e empresas. Assume como miss\u00e3o a presta\u00e7\u00e3o de servi\u00e7os jur\u00eddicos mediante o rigoroso cumprimento da deontologia profissional, com responsabilidade social e sempre com um estudo aprofundado do [&hellip;]<\/p>\n","protected":false},"author":1,"featured_media":2797,"parent":0,"menu_order":0,"comment_status":"closed","ping_status":"closed","template":"","meta":{"_regular_price":[],"currency_symbol":[],"_monsterinsights_skip_tracking":false,"_monsterinsights_sitenote_active":false,"_monsterinsights_sitenote_note":"","_monsterinsights_sitenote_category":0,"footnotes":""},"class_list":["post-5","page","type-page","status-publish","has-post-thumbnail","hentry"],"aioseo_notices":[],"post_slider_layout_featured_media_urls":{"thumbnail":["https:\/\/jaa.pt\/home\/wp-content\/uploads\/2023\/02\/jaa_20150428_101155-1-150x150.jpg",150,150,true],"post_slider_layout_landscape_large":["https:\/\/jaa.pt\/home\/wp-content\/uploads\/2023\/02\/jaa_20150428_101155-1-1200x800.jpg",1200,800,true],"post_slider_layout_portrait_large":["https:\/\/jaa.pt\/home\/wp-content\/uploads\/2023\/02\/jaa_20150428_101155-1-1200x1800.jpg",1200,1800,true],"post_slider_layout_square_large":["https:\/\/jaa.pt\/home\/wp-content\/uploads\/2023\/02\/jaa_20150428_101155-1-1200x1200.jpg",1200,1200,true],"post_slider_layout_landscape":["https:\/\/jaa.pt\/home\/wp-content\/uploads\/2023\/02\/jaa_20150428_101155-1-600x400.jpg",600,400,true],"post_slider_layout_portrait":["https:\/\/jaa.pt\/home\/wp-content\/uploads\/2023\/02\/jaa_20150428_101155-1-600x900.jpg",600,900,true],"post_slider_layout_square":["https:\/\/jaa.pt\/home\/wp-content\/uploads\/2023\/02\/jaa_20150428_101155-1-600x600.jpg",600,600,true],"full":["https:\/\/jaa.pt\/home\/wp-content\/uploads\/2023\/02\/jaa_20150428_101155-1-scaled.jpg",2560,1440,false]},"_links":{"self":[{"href":"https:\/\/jaa.pt\/home\/wp-json\/wp\/v2\/pages\/5","targetHints":{"allow":["GET"]}}],"collection":[{"href":"https:\/\/jaa.pt\/home\/wp-json\/wp\/v2\/pages"}],"about":[{"href":"https:\/\/jaa.pt\/home\/wp-json\/wp\/v2\/types\/page"}],"author":[{"embeddable":true,"href":"https:\/\/jaa.pt\/home\/wp-json\/wp\/v2\/users\/1"}],"replies":[{"embeddable":true,"href":"https:\/\/jaa.pt\/home\/wp-json\/wp\/v2\/comments?post=5"}],"version-history":[{"count":13,"href":"https:\/\/jaa.pt\/home\/wp-json\/wp\/v2\/pages\/5\/revisions"}],"predecessor-version":[{"id":2800,"href":"https:\/\/jaa.pt\/home\/wp-json\/wp\/v2\/pages\/5\/revisions\/2800"}],"wp:featuredmedia":[{"embeddable":true,"href":"https:\/\/jaa.pt\/home\/wp-json\/wp\/v2\/media\/2797"}],"wp:attachment":[{"href":"https:\/\/jaa.pt\/home\/wp-json\/wp\/v2\/media?parent=5"}],"curies":[{"name":"wp","href":"https:\/\/api.w.org\/{rel}","templated":true}]}}